{"id":17273,"date":"2018-09-26T15:53:44","date_gmt":"2018-09-26T15:53:44","guid":{"rendered":"https:\/\/www.bucearencolumbretes.es\/?page_id=17273"},"modified":"2022-05-03T17:12:28","modified_gmt":"2022-05-03T17:12:28","slug":"bucear-en-columbretes-con-el-catamaran-casamar-2","status":"publish","type":"page","link":"https:\/\/www.bucearencolumbretes.es\/en\/barcos-para-bucear-en-las-islas-columbretes\/bucear-en-columbretes-con-el-catamaran-casamar-2\/","title":{"rendered":"Dive in columbretes with the catamaran CasaMar 2"},"content":{"rendered":"<p>[vc_row css_animation=&#8221;&#8221; row_type=&#8221;row&#8221; use_row_as_full_screen_section=&#8221;no&#8221; type=&#8221;full_width&#8221; angled_section=&#8221;no&#8221; text_align=&#8221;left&#8221; background_image_as_pattern=&#8221;without_pattern&#8221;][vc_column][vc_empty_space height=&#8221;40px&#8221;][vc_column_text]<\/p>\n<h2 style=\"text-align: center;\"><strong>Do you want to dive from the Columbretes Islands with the catamaran CASAMAR 2?<\/strong><\/h2>\n<p>[\/vc_column_text][\/vc_column][\/vc_row][vc_row css_animation=&#8221;&#8221; row_type=&#8221;row&#8221; use_row_as_full_screen_section=&#8221;no&#8221; type=&#8221;grid&#8221; angled_section=&#8221;no&#8221; text_align=&#8221;left&#8221; background_image_as_pattern=&#8221;without_pattern&#8221;][vc_column width=&#8221;1\/2&#8243;][vc_empty_space height=&#8221;50px&#8221;][vc_column_text el_class=&#8221;margenInferior&#8221;]<\/p>\n<h3>Details of the activity <strong>Diving from the Columbretes Islands:<\/strong><\/h3>\n<p>Departure from <strong> Club N\u00e1utico de Castell\u00f3n<\/strong> at 7:30 a.m.<br \/>\nThe approximate duration of the <strong>crossing to the Columbretes Islands<\/strong> is 2 hours.<br \/>\nThe <strong>distance between Castell\u00f3n and the Columbretes Islands<\/strong> is 30 miles.<br \/>\nThe first <strong>dive from the Columbretes Islands<\/strong> will take place at 11:00 am<br \/>\nAfter this first dive there will be a two hour break.<br \/>\nThe second dive will take place at 1:30 p.m.<br \/>\nAfter the second dive, lunch on board and at approximately 3:30 p.m. you will set sail for the port of Castell\u00f3n to arrive at the <strong>Club N\u00e1utico de Castell\u00f3n<\/strong> around 6:00 p.m.[\/vc_column_text][vc_empty_space height=&#8221;40px&#8221;][vc_column_text]<\/p>\n<h5 class=\"datosBarcos\"><strong><u>Included in the price of the Castell\u00f3n dive activity<\/u>:<\/strong><\/h5>\n<ul>\n<li><span class=\"datosBarcos\"> Trip to the island.<\/span><\/li>\n<li><span class=\"datosBarcos\"> 2 bottles of 15 liters.<\/span><\/li>\n<li><span class=\"dataBarcos\"> Ballast.<\/span><\/li>\n<li><span class=\"datosBarcos\"> Refrigerator with drinks (soft drinks, water, beer).<\/span><\/li>\n<li>Fruit.<\/li>\n<\/ul>\n<p>[\/vc_column_text][vc_empty_space height=&#8221;20px&#8221;][\/vc_column][vc_column width=&#8221;1\/2&#8243;][vc_empty_space height=&#8221;60px&#8221;][vc_gallery type=&#8221;flexslider_slide&#8221; interval=&#8221;3&#8243; images=&#8221;16638,16639,16640,16642,16643,16644,16645,16646,16647,16648,16649&#8243; img_size=&#8221;500&#215;500&#8243;][vc_empty_space height=&#8221;10px&#8221;][\/vc_column][\/vc_row][vc_row css_animation=&#8221;&#8221; row_type=&#8221;row&#8221; use_row_as_full_screen_section=&#8221;no&#8221; type=&#8221;grid&#8221; angled_section=&#8221;no&#8221; text_align=&#8221;left&#8221; background_image_as_pattern=&#8221;without_pattern&#8221;][vc_column][vc_column_text]<\/p>\n<h3><strong>Necessary requirements to dive in the Columbretes Islands<\/strong><\/h3>\n<p>[\/vc_column_text][vc_empty_space height=&#8221;20px&#8221;][vc_column_text el_class=&#8221;margenInferior&#8221;]Documentation necessary to make the dive from the Columbretes Islands:<\/p>\n<ul>\n<li>original DNI.<\/li>\n<li>Diver&#8217;s qualification.<\/li>\n<li>Dive insurance in force.<\/li>\n<li><strong>Dive book<\/strong> with a minimum of <strong>25 dives<\/strong>, with the last one done in the last year.<\/li>\n<li>PRICE: \u20ac 135 per person for two dives.<\/li>\n<li>*Option<strong> Paella<\/strong> \u20ac 15 person.<\/li>\n<\/ul>\n<p>[\/vc_column_text][vc_empty_space height=&#8221;40px&#8221;][\/vc_column][\/vc_row][vc_row css_animation=&#8221;&#8221; row_type=&#8221;row&#8221; use_row_as_full_screen_section=&#8221;no&#8221; type=&#8221;grid&#8221; angled_section=&#8221;no&#8221; text_align=&#8221;left&#8221; background_image_as_pattern=&#8221;without_pattern&#8221;][vc_column width=&#8221;5\/12&#8243;][vc_column_text css=&#8221;.vc_custom_1537977325064{margin-bottom: 5px !important;}&#8221;]<\/p>\n<h3 style=\"text-align: center;\">Departures from the Club N\u00e1utico de Castell\u00f3n<\/h3>\n<p>[\/vc_column_text][vc_column_text css=&#8221;.vc_custom_1537977151419{padding-top: 25px !important;}&#8221;]<iframe loading=\"lazy\" style=\"border: 0;\" src=\"https:\/\/www.google.com\/maps\/embed?pb=!1m14!1m8!1m3!1d12230.91981064352!2d0.015089!3d39.96979!3m2!1i1024!2i768!4f13.1!3m3!1m2!1s0x0%3A0x3bcd4c88f7c9516f!2sReal+Club+N%C3%A1utico+de+Castell%C3%B3n!5e0!3m2!1ses!2ses!4v1516872887196\" width=\"100%\" height=\"250\" frameborder=\"0\" allowfullscreen=\"allowfullscreen\" data-mce-fragment=\"1\"><\/iframe><\/p>\n<div style=\"text-align: center; padding-top: 15px;\"><img style=\"width: 50%;\" title=\"Bucear en las islas columbretes\" src=\"https:\/\/www.bucearencolumbretes.es\/wp-content\/uploads\/2018\/01\/bucear-columbretes.jpg\" alt=\"Bucear en las islas columbretes\" \/><br \/>\nPhone number: 654222239<br \/>\nbuceo@bucearencolumbretes.es<\/div>\n<p>[\/vc_column_text][\/vc_column][vc_column width=&#8221;7\/12&#8243;][vc_column_text]<\/p>\n<h3 style=\"text-align: center;\">Find out how to dive in the Columbretes Islands<\/h3>\n<p>[\/vc_column_text][vc_empty_space height=&#8221;20px&#8221;]<div role=\"form\" class=\"wpcf7\" id=\"wpcf7-f17256-o1\" lang=\"es-ES\" dir=\"ltr\">\n<div class=\"screen-reader-response\"><p role=\"status\" aria-live=\"polite\" aria-atomic=\"true\"><\/p> <ul><\/ul><\/div>\n<form action=\"\/en\/wp-json\/wp\/v2\/pages\/17273#wpcf7-f17256-o1\" method=\"post\" class=\"wpcf7-form init cf7_custom_style_1\" novalidate=\"novalidate\" data-status=\"init\">\n<div style=\"display: none;\">\n<input type=\"hidden\" name=\"_wpcf7\" value=\"17256\" \/>\n<input type=\"hidden\" name=\"_wpcf7_version\" value=\"5.4.2\" \/>\n<input type=\"hidden\" name=\"_wpcf7_locale\" value=\"es_ES\" \/>\n<input type=\"hidden\" name=\"_wpcf7_unit_tag\" value=\"wpcf7-f17256-o1\" \/>\n<input type=\"hidden\" name=\"_wpcf7_container_post\" value=\"0\" \/>\n<input type=\"hidden\" name=\"_wpcf7_posted_data_hash\" value=\"\" \/>\n<input type=\"hidden\" name=\"_wpcf7_recaptcha_response\" value=\"\" \/>\n<\/div>\n<div class=\"vc_col-sm-6\">\n<label> Name*:<br \/>\n    <span class=\"wpcf7-form-control-wrap your-name\"><input type=\"text\" name=\"your-name\" value=\"\" size=\"40\" class=\"wpcf7-form-control wpcf7-text wpcf7-validates-as-required\" aria-required=\"true\" aria-invalid=\"false\" \/><\/span> <\/label><br \/>\n<label> Phone number:<br \/>\n    <span class=\"wpcf7-form-control-wrap tel-79\"><input type=\"tel\" name=\"tel-79\" value=\"\" size=\"40\" class=\"wpcf7-form-control wpcf7-text wpcf7-tel wpcf7-validates-as-tel\" aria-invalid=\"false\" \/><\/span> <\/label><\/div>\n<div class=\"vc_col-sm-6\" >\n<label> eMail*:<br \/>\n    <span class=\"wpcf7-form-control-wrap your-email\"><input type=\"email\" name=\"your-email\" value=\"\" size=\"40\" class=\"wpcf7-form-control wpcf7-text wpcf7-email wpcf7-validates-as-required wpcf7-validates-as-email\" aria-required=\"true\" aria-invalid=\"false\" \/><\/span> <\/label><br \/>\n<label> Date:<br \/>\n    <span class=\"wpcf7-form-control-wrap date-957\"><input type=\"date\" name=\"date-957\" value=\"\" class=\"wpcf7-form-control wpcf7-date wpcf7-validates-as-date\" aria-invalid=\"false\" \/><\/span> <\/label>\n<\/div>\n<div class=\"vc_col-sm-12\"> <label> Message:<br \/>\n    <span class=\"wpcf7-form-control-wrap your-message\"><textarea name=\"your-message\" cols=\"40\" rows=\"10\" class=\"wpcf7-form-control wpcf7-textarea\" aria-invalid=\"false\"><\/textarea><\/span> <\/label><\/div>\n<div style=\"clear:both;margin-left: 15px;float:right;\"><input type=\"submit\" value=\"SEND\" class=\"wpcf7-form-control wpcf7-submit\" \/><\/div>\n<div class=\"wpcf7-response-output\" aria-hidden=\"true\"><\/div><\/form><\/div>[\/vc_column][\/vc_row][vc_row css_animation=&#8221;&#8221; row_type=&#8221;row&#8221; use_row_as_full_screen_section=&#8221;no&#8221; type=&#8221;full_width&#8221; angled_section=&#8221;no&#8221; text_align=&#8221;left&#8221; background_image_as_pattern=&#8221;without_pattern&#8221;][vc_column][vc_empty_space][\/vc_column][\/vc_row]<\/p>\n","protected":false},"excerpt":{"rendered":"<p>[vc_row css_animation=&#8221;&#8221; row_type=&#8221;row&#8221; use_row_as_full_screen_section=&#8221;no&#8221; type=&#8221;full_width&#8221; angled_section=&#8221;no&#8221; text_align=&#8221;left&#8221; background_image_as_pattern=&#8221;without_pattern&#8221;][vc_column][vc_empty_space height=&#8221;40px&#8221;][vc_column_text] Do you want to dive from the Columbretes Islands with the catamaran CASAMAR 2? [\/vc_column_text][\/vc_column][\/vc_row][vc_row css_animation=&#8221;&#8221; row_type=&#8221;row&#8221; use_row_as_full_screen_section=&#8221;no&#8221; type=&#8221;grid&#8221; angled_section=&#8221;no&#8221; text_align=&#8221;left&#8221; background_image_as_pattern=&#8221;without_pattern&#8221;][vc_column width=&#8221;1\/2&#8243;][vc_empty_space height=&#8221;50px&#8221;][vc_column_text el_class=&#8221;margenInferior&#8221;] Details of the activity Diving from the Columbretes Islands: Departure from&#8230;<\/p>\n","protected":false},"author":3,"featured_media":0,"parent":17310,"menu_order":0,"comment_status":"closed","ping_status":"closed","template":"full_width.php","meta":[],"_links":{"self":[{"href":"https:\/\/www.bucearencolumbretes.es\/en\/wp-json\/wp\/v2\/pages\/17273"}],"collection":[{"href":"https:\/\/www.bucearencolumbretes.es\/en\/wp-json\/wp\/v2\/pages"}],"about":[{"href":"https:\/\/www.bucearencolumbretes.es\/en\/wp-json\/wp\/v2\/types\/page"}],"author":[{"embeddable":true,"href":"https:\/\/www.bucearencolumbretes.es\/en\/wp-json\/wp\/v2\/users\/3"}],"replies":[{"embeddable":true,"href":"https:\/\/www.bucearencolumbretes.es\/en\/wp-json\/wp\/v2\/comments?post=17273"}],"version-history":[{"count":3,"href":"https:\/\/www.bucearencolumbretes.es\/en\/wp-json\/wp\/v2\/pages\/17273\/revisions"}],"predecessor-version":[{"id":17479,"href":"https:\/\/www.bucearencolumbretes.es\/en\/wp-json\/wp\/v2\/pages\/17273\/revisions\/17479"}],"up":[{"embeddable":true,"href":"https:\/\/www.bucearencolumbretes.es\/en\/wp-json\/wp\/v2\/pages\/17310"}],"wp:attachment":[{"href":"https:\/\/www.bucearencolumbretes.es\/en\/wp-json\/wp\/v2\/media?parent=17273"}],"curies":[{"name":"wp","href":"https:\/\/api.w.org\/{rel}","templated":true}]}}