{"id":17299,"date":"2018-09-27T06:51:58","date_gmt":"2018-09-27T06:51:58","guid":{"rendered":"https:\/\/www.bucearencolumbretes.es\/?page_id=17299"},"modified":"2018-09-27T06:57:29","modified_gmt":"2018-09-27T06:57:29","slug":"islas-columbretes","status":"publish","type":"page","link":"https:\/\/www.bucearencolumbretes.es\/en\/islas-columbretes\/","title":{"rendered":"Islas Columbretes"},"content":{"rendered":"<p>[vc_row css_animation=&#8221;&#8221; row_type=&#8221;row&#8221; use_row_as_full_screen_section=&#8221;no&#8221; type=&#8221;grid&#8221; anchor=&#8221;portfolio&#8221; angled_section=&#8221;no&#8221; text_align=&#8221;left&#8221; background_image_as_pattern=&#8221;without_pattern&#8221; background_color=&#8221;#ffffff&#8221; padding_top=&#8221;100&#8243; padding_bottom=&#8221;30&#8243;][vc_column][vc_row_inner row_type=&#8221;row&#8221; type=&#8221;full_width&#8221; text_align=&#8221;left&#8221; css_animation=&#8221;&#8221;][vc_column_inner width=&#8221;2\/3&#8243;][vc_column_text]<\/p>\n<h3>Archipelago Columbretes Islands<\/h3>\n<p>[\/vc_column_text][vc_separator type=&#8221;transparent&#8221; up=&#8221;12&#8243; down=&#8221;0&#8243;][vc_column_text]<\/p>\n<p style=\"text-align: justify;\">As we can see in the images, the<strong> Columbretes Islands<\/strong>, are formed by a set of small archipelagos separated from each other by several miles in the<strong> Mediterranean<\/strong>.<\/p>\n<p style=\"text-align: justify;\">We can make a total of four groups out of the archipelagos group who belong to the <strong>Columbretes Islands<\/strong>.<\/p>\n<p>&nbsp;<\/p>\n<h3 style=\"text-align: justify;\">Illa Grossa<\/h3>\n<p style=\"text-align: justify;\">The Illa Grossa is in Spanish called Isla Grande.<\/p>\n<p style=\"text-align: justify;\">It is the largest of all the <strong>Columbretes Islands<\/strong>. It is the remains of an old crater. It has the shape of an ellipse that is about one kilometer. The two ends of the island, coincide with the two highest points of the island. In one of them is the lighthouse, thanks to the lighthouse it reaches a height of about 61 meters and makes its visibility perfect for the boats that pass through there. This island is one of the <strong>most preferred destinations for divers<\/strong> because under the waters you can find a great diversity of marine equipment. Some of them are unique to that place.<\/p>\n<p style=\"text-align: justify;\">It is the only island were visitors recieve prior permission from the guards.<\/p>\n<p style=\"text-align: justify;\">Second, we will talk about the next (second) group of islets that are part of the <strong>Columbretes Islands<\/strong> of <strong>Castell\u00f3n<\/strong>.<\/p>\n<p>&nbsp;<\/p>\n<h3 style=\"text-align: justify;\"><em>The Horadada<\/em><\/h3>\n<p style=\"text-align: justify;\">This second group consists out of a total of three islands, whose main island is known as <strong>La Horadada<\/strong>. That does not have half the surface area of the <strong>big island<\/strong>. But it is also a great place to dive, although it is not allowed to be there since it is part of the nature reserve. The other two remaining islands are called Isla del Lobo, and M\u00e9ndez N\u00fa\u00f1ez, the smallest island of all.<\/p>\n<p>&nbsp;<\/p>\n<h3 style=\"text-align: justify;\"><em>Ferrera<\/em><\/h3>\n<p style=\"text-align: justify;\">In third place we will talk about the third group of islets whose main island is the <strong>Ferrera.<\/strong><\/p>\n<p style=\"text-align: justify;\">It is the second smallest mini archipelago of all those that are part of the <strong>Islas Columbretes<\/strong> of <strong>Castell\u00f3n<\/strong>. It is formed by approximately eight islands, some of them are just big rocks.<\/p>\n<p style=\"text-align: justify;\">The most important islands of this mini archipelago are: <strong>Ferrera, Espinosa, Bauza, Vald\u00e9s and Navarrete.<\/strong><\/p>\n<p>&nbsp;<\/p>\n<h3 style=\"text-align: justify;\"><em>Bergant\u00edn<\/em><\/h3>\n<p style=\"text-align: justify;\">as Fourth, we will talk about the last mini archipelago whose main island is known as the <strong>Bergantin.<\/strong><\/p>\n<p style=\"text-align: justify;\">It consists of about ten islands who are very small, the main islands are: The <strong>Bergantin, Cerqueiro, Churruca, Baleato.<\/strong><\/p>\n<p>[\/vc_column_text][vc_separator type=&#8221;transparent&#8221; up=&#8221;60&#8243; down=&#8221;0&#8243;][vc_single_image image=&#8221;16458&#8243; img_size=&#8221;full&#8221; add_caption=&#8221;yes&#8221; alignment=&#8221;center&#8221; qode_css_animation=&#8221;&#8221;][\/vc_column_inner][vc_column_inner width=&#8221;1\/3&#8243;][vc_separator type=&#8221;transparent&#8221; up=&#8221;35&#8243; down=&#8221;0&#8243;][vc_single_image image=&#8221;16459&#8243; img_size=&#8221;full&#8221; alignment=&#8221;center&#8221; qode_css_animation=&#8221;&#8221;][vc_separator type=&#8221;transparent&#8221; up=&#8221;35&#8243; down=&#8221;0&#8243;][vc_single_image image=&#8221;16462&#8243; img_size=&#8221;full&#8221; alignment=&#8221;center&#8221; qode_css_animation=&#8221;&#8221;][vc_separator type=&#8221;transparent&#8221; up=&#8221;35&#8243; down=&#8221;0&#8243;][vc_single_image image=&#8221;16461&#8243; img_size=&#8221;full&#8221; alignment=&#8221;center&#8221; qode_css_animation=&#8221;&#8221;][vc_separator type=&#8221;transparent&#8221; up=&#8221;35&#8243; down=&#8221;0&#8243;][vc_single_image image=&#8221;16460&#8243; img_size=&#8221;full&#8221; alignment=&#8221;center&#8221; qode_css_animation=&#8221;&#8221;][\/vc_column_inner][\/vc_row_inner][\/vc_column][\/vc_row][vc_row row_type=&#8221;parallax&#8221; parallax_content_width=&#8221;in_grid&#8221; text_align=&#8221;left&#8221; background_image=&#8221;16472&#8243; section_height=&#8221;416&#8243;][vc_column][vc_separator type=&#8221;transparent&#8221; up=&#8221;118&#8243; down=&#8221;0&#8243;][vc_column_text]<\/p>\n<h3 style=\"text-align: center;\"><span style=\"color: #ffffff;\">M\u00e1s<br \/>\n<\/span><\/h3>\n<p>[\/vc_column_text]<div class=\"q_counter_holder  center\"><span class=\"counter  zero\" style=\"color: #ffffff;\">3000<\/span><\/div>[vc_separator type=&#8221;transparent&#8221; up=&#8221;-8&#8243; down=&#8221;0&#8243;][vc_column_text]<\/p>\n<h3 style=\"text-align: center;\"><span style=\"color: #ffffff;\">Visitantes Anuales<br \/>\n<\/span><\/h3>\n<p>[\/vc_column_text][vc_separator type=&#8221;transparent&#8221; up=&#8221;10&#8243; down=&#8221;0&#8243;][vc_column_text]<\/p>\n<h4 style=\"text-align: center;\"><span style=\"color: #ffffff;\">De todo el mundo<br \/>\n<\/span><\/h4>\n<p>[\/vc_column_text][\/vc_column][\/vc_row]<\/p>\n","protected":false},"excerpt":{"rendered":"<p>[vc_row css_animation=&#8221;&#8221; row_type=&#8221;row&#8221; use_row_as_full_screen_section=&#8221;no&#8221; type=&#8221;grid&#8221; anchor=&#8221;portfolio&#8221; angled_section=&#8221;no&#8221; text_align=&#8221;left&#8221; background_image_as_pattern=&#8221;without_pattern&#8221; background_color=&#8221;#ffffff&#8221; padding_top=&#8221;100&#8243; padding_bottom=&#8221;30&#8243;][vc_column][vc_row_inner row_type=&#8221;row&#8221; type=&#8221;full_width&#8221; text_align=&#8221;left&#8221; css_animation=&#8221;&#8221;][vc_column_inner width=&#8221;2\/3&#8243;][vc_column_text] Archipelago Columbretes Islands [\/vc_column_text][vc_separator type=&#8221;transparent&#8221; up=&#8221;12&#8243; down=&#8221;0&#8243;][vc_column_text] As we can see in the images, the Columbretes Islands, are formed by a set of small archipelagos separated from each&#8230;<\/p>\n","protected":false},"author":3,"featured_media":0,"parent":0,"menu_order":0,"comment_status":"open","ping_status":"open","template":"full_width.php","meta":[],"_links":{"self":[{"href":"https:\/\/www.bucearencolumbretes.es\/en\/wp-json\/wp\/v2\/pages\/17299"}],"collection":[{"href":"https:\/\/www.bucearencolumbretes.es\/en\/wp-json\/wp\/v2\/pages"}],"about":[{"href":"https:\/\/www.bucearencolumbretes.es\/en\/wp-json\/wp\/v2\/types\/page"}],"author":[{"embeddable":true,"href":"https:\/\/www.bucearencolumbretes.es\/en\/wp-json\/wp\/v2\/users\/3"}],"replies":[{"embeddable":true,"href":"https:\/\/www.bucearencolumbretes.es\/en\/wp-json\/wp\/v2\/comments?post=17299"}],"version-history":[{"count":3,"href":"https:\/\/www.bucearencolumbretes.es\/en\/wp-json\/wp\/v2\/pages\/17299\/revisions"}],"predecessor-version":[{"id":17308,"href":"https:\/\/www.bucearencolumbretes.es\/en\/wp-json\/wp\/v2\/pages\/17299\/revisions\/17308"}],"wp:attachment":[{"href":"https:\/\/www.bucearencolumbretes.es\/en\/wp-json\/wp\/v2\/media?parent=17299"}],"curies":[{"name":"wp","href":"https:\/\/api.w.org\/{rel}","templated":true}]}}